{"id":1663,"date":"2022-09-24T13:19:26","date_gmt":"2022-09-24T13:19:26","guid":{"rendered":"https:\/\/dudes12.com\/?page_id=1663"},"modified":"2022-09-26T06:40:23","modified_gmt":"2022-09-26T06:40:23","slug":"degustime","status":"publish","type":"page","link":"https:\/\/dudes12.com\/index.php\/degustime\/","title":{"rendered":"Degustime"},"content":{"rendered":"<section class=\"wpb-content-wrapper\"><p>[vc_row full_width=&#8220;stretch_row&#8220; equal_height=&#8220;yes&#8220; content_placement=&#8220;middle&#8220; css=&#8220;.vc_custom_1664170027983{margin-right: 15px !important;margin-left: 15px !important;background-image: url(https:\/\/dudes12.com\/wp-content\/uploads\/background.png?id=1684) !important;}&#8220;][vc_column width=&#8220;1\/2&#8243; css=&#8220;.vc_custom_1664168955031{padding-top: 0px !important;padding-right: 0px !important;padding-bottom: 0px !important;padding-left: 0px !important;}&#8220; offset=&#8220;vc_col-lg-6 vc_col-md-6 vc_col-xs-12&#8243;][vc_empty_space height=&#8220;100px&#8220; alter_height=&#8220;none&#8220; hide_on_mobile=&#8220;&#8220;][vc_column_text]<\/p>\n<h2 style=\"text-align: left;\"><strong>Degustime<\/strong><\/h2>\n<h6>\u00a0N\u00ebse jeni t\u00eb interesuar t\u00eb merrni pjes\u00eb n\u00eb degustimet tona t\u00eb ve\u00e7anta, regjistrohuni n\u00eb list\u00ebn ton\u00eb t\u00eb t\u00eb interesuarve. Degustimet mbahen vet\u00ebm me paralajmrim dhe me pjes\u00ebmarrje. Kushtet dhe informatat p\u00ebr rezervim vendi ua d\u00ebrgojm\u00eb pas regjistrimit.<span class=\"Apple-converted-space\">\u00a0<\/span><\/h6>\n<p>[\/vc_column_text][vc_empty_space height=&#8220;100px&#8220; alter_height=&#8220;none&#8220; hide_on_mobile=&#8220;&#8220;][\/vc_column][vc_column width=&#8220;1\/2&#8243; scheme=&#8220;dark&#8220; css=&#8220;.vc_custom_1664169761412{padding-top: 0px !important;padding-right: 0px !important;padding-bottom: 0px !important;padding-left: 0px !important;background: #ffffff url(https:\/\/dudes12.com\/wp-content\/uploads\/Sordo-8-scaled.jpg?id=1667) !important;}&#8220; offset=&#8220;vc_col-lg-6 vc_col-md-6 vc_col-xs-12&#8243;][\/vc_column][\/vc_row][vc_row full_width=&#8220;stretch_row&#8220; equal_height=&#8220;yes&#8220; content_placement=&#8220;middle&#8220; css=&#8220;.vc_custom_1664170065495{margin-right: 15px !important;margin-left: 15px !important;background-image: url(https:\/\/dudes12.com\/wp-content\/uploads\/background.png?id=1684) !important;}&#8220;][vc_column width=&#8220;1\/2&#8243; css=&#8220;.vc_custom_1664050053724{padding-top: 0px !important;padding-right: 0px !important;padding-bottom: 0px !important;padding-left: 0px !important;}&#8220; offset=&#8220;vc_col-lg-6 vc_col-md-6 vc_col-xs-12&#8243;][vc_empty_space height=&#8220;100px&#8220; alter_height=&#8220;none&#8220; hide_on_mobile=&#8220;&#8220;][vc_column_text]<\/p>\n<h2 style=\"text-align: left;\"><strong>Evente<\/strong><\/h2>\n<h6 class=\"p1\">P\u00ebr ahengjet tuaja t\u00eb ndryshme, apo edhe p\u00ebr nj\u00eb takim t\u00eb ve\u00e7ant\u00eb m\u00eb shoq\u00ebri t\u00eb p\u00ebrzgjedhur, ju ofrojm\u00eb mund\u00ebsin\u00eb e p\u00ebrzgjedhjes s\u00eb ver\u00ebs adekuate p\u00ebr rastin tuaj.<span class=\"Apple-converted-space\">\u00a0<\/span><\/h6>\n<p>[\/vc_column_text][vc_empty_space height=&#8220;200px&#8220; alter_height=&#8220;none&#8220; hide_on_mobile=&#8220;&#8220;][\/vc_column][vc_column width=&#8220;1\/3&#8243; css=&#8220;.vc_custom_1664050064057{padding-top: 0px !important;padding-right: 0px !important;padding-bottom: 0px !important;padding-left: 0px !important;background: #d1c0b9 url(https:\/\/dudes12.com\/wp-content\/uploads\/Sordo_Vendemmia_2021-zoomed2.png?id=1494) !important;}&#8220; offset=&#8220;vc_col-lg-6 vc_col-md-6 vc_col-xs-12&#8243;][\/vc_column][\/vc_row][vc_row css=&#8220;.vc_custom_1483972562279{background-position: center !important;background-repeat: no-repeat !important;background-size: cover !important;}&#8220;][vc_column][\/vc_column][\/vc_row]<\/p>\n<\/section>","protected":false},"excerpt":{"rendered":"<p>[vc_row full_width=&#8220;stretch_row&#8220; equal_height=&#8220;yes&#8220; content_placement=&#8220;middle&#8220; css=&#8220;.vc_custom_1664170027983{margin-right: 15px !important;margin-left: 15px !important;background-image: url(https:\/\/dudes12.com\/wp-content\/uploads\/background.png?id=1684) !important;}&#8220;][vc_column width=&#8220;1\/2&#8243; css=&#8220;.vc_custom_1664168955031{padding-top: 0px !important;padding-right: 0px !important;padding-bottom: 0px !important;padding-left: 0px !important;}&#8220; offset=&#8220;vc_col-lg-6 vc_col-md-6 vc_col-xs-12&#8243;][vc_empty_space height=&#8220;100px&#8220; alter_height=&#8220;none&#8220; hide_on_mobile=&#8220;&#8220;][vc_column_text] Degustime \u00a0N\u00ebse jeni t\u00eb interesuar t\u00eb merrni pjes\u00eb n\u00eb degustimet tona t\u00eb ve\u00e7anta, regjistrohuni n\u00eb list\u00ebn ton\u00eb t\u00eb t\u00eb interesuarve. Degustimet mbahen vet\u00ebm me paralajmrim dhe me pjes\u00ebmarrje. Kushtet dhe informatat p\u00ebr rezervim&hellip;<\/p>\n","protected":false},"author":990002,"featured_media":0,"parent":0,"menu_order":0,"comment_status":"closed","ping_status":"closed","template":"","meta":{"footnotes":""},"class_list":["post-1663","page","type-page","status-publish","hentry"],"_links":{"self":[{"href":"https:\/\/dudes12.com\/index.php\/wp-json\/wp\/v2\/pages\/1663","targetHints":{"allow":["GET"]}}],"collection":[{"href":"https:\/\/dudes12.com\/index.php\/wp-json\/wp\/v2\/pages"}],"about":[{"href":"https:\/\/dudes12.com\/index.php\/wp-json\/wp\/v2\/types\/page"}],"author":[{"embeddable":true,"href":"https:\/\/dudes12.com\/index.php\/wp-json\/wp\/v2\/users\/990002"}],"replies":[{"embeddable":true,"href":"https:\/\/dudes12.com\/index.php\/wp-json\/wp\/v2\/comments?post=1663"}],"version-history":[{"count":25,"href":"https:\/\/dudes12.com\/index.php\/wp-json\/wp\/v2\/pages\/1663\/revisions"}],"predecessor-version":[{"id":1764,"href":"https:\/\/dudes12.com\/index.php\/wp-json\/wp\/v2\/pages\/1663\/revisions\/1764"}],"wp:attachment":[{"href":"https:\/\/dudes12.com\/index.php\/wp-json\/wp\/v2\/media?parent=1663"}],"curies":[{"name":"wp","href":"https:\/\/api.w.org\/{rel}","templated":true}]}}