{"id":230,"date":"2016-12-28T15:57:29","date_gmt":"2016-12-28T15:57:29","guid":{"rendered":"http:\/\/luxurywine.dv.axiomthemes.com\/?page_id=230"},"modified":"2022-10-20T10:24:32","modified_gmt":"2022-10-20T10:24:32","slug":"about-us-style-1","status":"publish","type":"page","link":"https:\/\/dudes12.com\/index.php\/about-us-style-1\/","title":{"rendered":"Biografia"},"content":{"rendered":"<section class=\"wpb-content-wrapper\"><p>[vc_row full_width=&#8220;stretch_row&#8220; equal_height=&#8220;yes&#8220; content_placement=&#8220;middle&#8220; css=&#8220;.vc_custom_1663439570457{margin-right: 15px !important;margin-left: 15px !important;background-image: url(https:\/\/dudes12.com\/wp-content\/uploads\/2017\/01\/background-1.jpg?id=653) !important;}&#8220;][vc_column width=&#8220;1\/2&#8243; css=&#8220;.vc_custom_1664049646512{padding-top: 0px !important;padding-right: 0px !important;padding-bottom: 0px !important;padding-left: 0px !important;}&#8220; offset=&#8220;vc_col-lg-4 vc_col-md-4 vc_col-xs-12&#8243;][vc_empty_space height=&#8220;15px&#8220; alter_height=&#8220;none&#8220; hide_on_mobile=&#8220;&#8220;][vc_column_text]Ver\u00ebrat tona t\u00eb p\u00ebrzgjedhura vijn\u00eb nga regjioni i Piemontit t\u00eb Italis\u00eb veriore. Duke e pasur pasion ver\u00ebn, qysh para 30 vitesh jemi vendosur n\u00eb af\u00ebrsi t\u00eb qytetit Alba edhe me vendbanim t\u00eb dyt\u00eb. Me koh\u00eb kemi arritur q\u00eb t\u00eb njoftojm\u00eb prodhues t\u00eb ndrysh\u00ebm t\u00eb ver\u00ebrave n\u00eb k\u00ebt\u00eb regjion, por t\u00eb krijojm\u00eb edhe miq\u00ebsi. Njohurit\u00eb e prodhimit t\u00eb ver\u00ebs, kualiteti dhe ve\u00e7an\u00ebria e k\u00ebtij produkti na kan\u00eb shtyr\u00eb q\u00eb k\u00ebt\u00eb p\u00ebrvoj\u00eb ta ndajm\u00eb edhe me bashk\u00ebqytetar\u00ebt tan\u00eb n\u00eb Kosov\u00eb.[\/vc_column_text][vc_empty_space height=&#8220;15px&#8220; alter_height=&#8220;none&#8220; hide_on_mobile=&#8220;&#8220;][\/vc_column][vc_column width=&#8220;1\/2&#8243; scheme=&#8220;dark&#8220; css=&#8220;.vc_custom_1664049656135{padding-top: 0px !important;padding-right: 0px !important;padding-bottom: 0px !important;padding-left: 0px !important;background: #ffffff url(https:\/\/dudes12.com\/wp-content\/uploads\/cantina_2.png?id=1489) !important;}&#8220; offset=&#8220;vc_col-lg-4 vc_col-md-4 vc_col-xs-12&#8243;][\/vc_column][vc_column width=&#8220;1\/3&#8243; css=&#8220;.vc_custom_1664049674103{padding-top: 0px !important;padding-right: 0px !important;padding-bottom: 0px !important;padding-left: 0px !important;background-color: #d1c0b9 !important;}&#8220; offset=&#8220;vc_col-lg-4 vc_col-md-4 vc_col-xs-12&#8243;][vc_empty_space height=&#8220;6em&#8220; alter_height=&#8220;none&#8220; hide_on_mobile=&#8220;&#8220;][vc_single_image image=&#8220;692&#8243; alignment=&#8220;center&#8220;][vc_column_text css=&#8220;.vc_custom_1666261467280{margin-right: 30px !important;margin-left: 30px !important;}&#8220;]<\/p>\n<p style=\"text-align: left;\"><span style=\"color: #ffffff;\"><br \/>\nN\u00eb m\u00ebnyr\u00eb q\u00eb vera t\u00eb arrij\u00eb nj\u00eb kualitet premium, prodhuesit e produkteve tona p\u00ebrdorin vet\u00ebm rrushin m\u00eb t\u00eb mir\u00eb t\u00eb regjionit t\u00eb garantuar dhe t\u00eb vjelur me dor\u00eb. <\/span><\/p>\n<p>[\/vc_column_text][vc_empty_space height=&#8220;6em&#8220; alter_height=&#8220;none&#8220; hide_on_mobile=&#8220;&#8220;][vc_column_text][\/vc_column_text][\/vc_column][\/vc_row][vc_row full_width=&#8220;stretch_row&#8220; equal_height=&#8220;yes&#8220; content_placement=&#8220;middle&#8220; css=&#8220;.vc_custom_1663439570457{margin-right: 15px !important;margin-left: 15px !important;background-image: url(https:\/\/dudes12.com\/wp-content\/uploads\/2017\/01\/background-1.jpg?id=653) !important;}&#8220;][vc_column width=&#8220;1\/2&#8243; css=&#8220;.vc_custom_1664049691468{padding-top: 0px !important;padding-right: 0px !important;padding-bottom: 0px !important;padding-left: 0px !important;background-image: url(https:\/\/dudes12.com\/wp-content\/uploads\/Sordo_Vendemmia_2021-zoomed.jpg?id=1447) !important;}&#8220; offset=&#8220;vc_col-lg-4 vc_col-md-4 vc_col-xs-12&#8243;][vc_empty_space height=&#8220;20em&#8220; alter_height=&#8220;none&#8220; hide_on_mobile=&#8220;&#8220;][\/vc_column][vc_column width=&#8220;1\/2&#8243; scheme=&#8220;dark&#8220; css=&#8220;.vc_custom_1664049699602{padding-top: 0px !important;padding-right: 0px !important;padding-bottom: 0px !important;padding-left: 0px !important;background-color: #343340 !important;}&#8220; offset=&#8220;vc_col-lg-4 vc_col-md-4 vc_col-xs-12&#8243;][vc_empty_space height=&#8220;6em&#8220; alter_height=&#8220;none&#8220; hide_on_mobile=&#8220;&#8220;][vc_single_image image=&#8220;691&#8243; img_size=&#8220;full&#8220; alignment=&#8220;center&#8220;][vc_empty_space height=&#8220;1.8em&#8220; alter_height=&#8220;none&#8220; hide_on_mobile=&#8220;&#8220;][vc_column_text css=&#8220;.vc_custom_1663333514496{margin-right: 30px !important;margin-left: 30px !important;}&#8220;]<\/p>\n<p class=\"p1\">Fillimisht i kemi p\u00ebrzgjedhur 9 ver\u00ebra t\u00eb ve\u00e7anta p\u00ebr ju, nd\u00ebrsa shum\u00eb t\u00eb tjera do t\u2019i sjellim \u2013 hap pas hapi, e edhe n\u00eb baz\u00eb t\u00eb p\u00ebrgjegjjeve tuaja.<span class=\"Apple-converted-space\">\u00a0<\/span><\/p>\n<p>[\/vc_column_text][vc_empty_space height=&#8220;6em&#8220; alter_height=&#8220;none&#8220; hide_on_mobile=&#8220;&#8220;][\/vc_column][vc_column width=&#8220;1\/2&#8243; css=&#8220;.vc_custom_1664049848952{padding-top: 0px !important;padding-right: 0px !important;padding-bottom: 0px !important;padding-left: 0px !important;background: #d1c0b9 url(https:\/\/dudes12.com\/wp-content\/uploads\/Sordo_Vendemmia_2021-zoomed2.png?id=1494) !important;}&#8220; offset=&#8220;vc_col-lg-4 vc_col-md-4 vc_col-xs-12&#8243;][\/vc_column][\/vc_row][vc_row css=&#8220;.vc_custom_1483972562279{background-position: center !important;background-repeat: no-repeat !important;background-size: cover !important;}&#8220;][vc_column][\/vc_column][\/vc_row]<\/p>\n<\/section>","protected":false},"excerpt":{"rendered":"<p>[vc_row full_width=&#8220;stretch_row&#8220; equal_height=&#8220;yes&#8220; content_placement=&#8220;middle&#8220; css=&#8220;.vc_custom_1663439570457{margin-right: 15px !important;margin-left: 15px !important;background-image: url(https:\/\/dudes12.com\/wp-content\/uploads\/2017\/01\/background-1.jpg?id=653) !important;}&#8220;][vc_column width=&#8220;1\/2&#8243; css=&#8220;.vc_custom_1664049646512{padding-top: 0px !important;padding-right: 0px !important;padding-bottom: 0px !important;padding-left: 0px !important;}&#8220; offset=&#8220;vc_col-lg-4 vc_col-md-4 vc_col-xs-12&#8243;][vc_empty_space height=&#8220;15px&#8220; alter_height=&#8220;none&#8220; hide_on_mobile=&#8220;&#8220;][vc_column_text]Ver\u00ebrat tona t\u00eb p\u00ebrzgjedhura vijn\u00eb nga regjioni i Piemontit t\u00eb Italis\u00eb veriore. Duke e pasur pasion ver\u00ebn, qysh para 30 vitesh jemi vendosur n\u00eb af\u00ebrsi t\u00eb qytetit Alba edhe me vendbanim t\u00eb dyt\u00eb. Me&hellip;<\/p>\n","protected":false},"author":990002,"featured_media":0,"parent":0,"menu_order":0,"comment_status":"closed","ping_status":"closed","template":"","meta":{"footnotes":""},"class_list":["post-230","page","type-page","status-publish","hentry"],"_links":{"self":[{"href":"https:\/\/dudes12.com\/index.php\/wp-json\/wp\/v2\/pages\/230","targetHints":{"allow":["GET"]}}],"collection":[{"href":"https:\/\/dudes12.com\/index.php\/wp-json\/wp\/v2\/pages"}],"about":[{"href":"https:\/\/dudes12.com\/index.php\/wp-json\/wp\/v2\/types\/page"}],"author":[{"embeddable":true,"href":"https:\/\/dudes12.com\/index.php\/wp-json\/wp\/v2\/users\/990002"}],"replies":[{"embeddable":true,"href":"https:\/\/dudes12.com\/index.php\/wp-json\/wp\/v2\/comments?post=230"}],"version-history":[{"count":59,"href":"https:\/\/dudes12.com\/index.php\/wp-json\/wp\/v2\/pages\/230\/revisions"}],"predecessor-version":[{"id":1785,"href":"https:\/\/dudes12.com\/index.php\/wp-json\/wp\/v2\/pages\/230\/revisions\/1785"}],"wp:attachment":[{"href":"https:\/\/dudes12.com\/index.php\/wp-json\/wp\/v2\/media?parent=230"}],"curies":[{"name":"wp","href":"https:\/\/api.w.org\/{rel}","templated":true}]}}